{"id":7986,"date":"2025-11-26T11:28:15","date_gmt":"2025-11-26T14:28:15","guid":{"rendered":"https:\/\/preferencemercosur.com\/?page_id=7986"},"modified":"2025-11-26T11:38:56","modified_gmt":"2025-11-26T14:38:56","slug":"atualizacoes-prefsuite-brasil","status":"publish","type":"page","link":"https:\/\/preferencemercosur.com\/es\/atualizacoes-prefsuite-brasil\/","title":{"rendered":"Atualiza\u00e7\u00f5es PrefSuite Brasil"},"content":{"rendered":"<div data-elementor-type=\"wp-page\" data-elementor-id=\"7986\" class=\"elementor elementor-7986\" data-elementor-post-type=\"page\">\n\t\t\t\t<div class=\"elementor-element elementor-element-d368024 e-flex e-con-boxed e-con e-parent\" data-id=\"d368024\" data-element_type=\"container\" data-e-type=\"container\">\n\t\t\t\t\t<div class=\"e-con-inner\">\n\t\t\t\t<div class=\"elementor-element elementor-element-30bd759 elementor-hidden-tablet elementor-hidden-mobile elementor-widget elementor-widget-spacer\" data-id=\"30bd759\" data-element_type=\"widget\" data-e-type=\"widget\" data-widget_type=\"spacer.default\">\n\t\t\t\t<div class=\"elementor-widget-container\">\n\t\t\t\t\t\t\t<div class=\"elementor-spacer\">\n\t\t\t<div class=\"elementor-spacer-inner\"><\/div>\n\t\t<\/div>\n\t\t\t\t\t\t<\/div>\n\t\t\t\t<\/div>\n\t\t<div class=\"elementor-element elementor-element-8db766d e-con-full e-flex e-con e-child\" data-id=\"8db766d\" data-element_type=\"container\" data-e-type=\"container\">\n\t\t<div class=\"elementor-element elementor-element-69505fa e-con-full e-flex e-con e-child\" data-id=\"69505fa\" data-element_type=\"container\" data-e-type=\"container\">\n\t\t\t\t<div class=\"elementor-element elementor-element-73cab52 elementor-button-info elementor-align-center elementor-widget elementor-widget-button\" data-id=\"73cab52\" data-element_type=\"widget\" data-e-type=\"widget\" data-widget_type=\"button.default\">\n\t\t\t\t<div class=\"elementor-widget-container\">\n\t\t\t\t\t\t\t\t\t<div class=\"elementor-button-wrapper\">\n\t\t\t\t\t<a class=\"elementor-button elementor-button-link elementor-size-sm\" href=\"https:\/\/preferencemercosur.com\/es\/\">\n\t\t\t\t\t\t<span class=\"elementor-button-content-wrapper\">\n\t\t\t\t\t\t\t\t\t<span class=\"elementor-button-text\">Ir ao site da Preference<\/span>\n\t\t\t\t\t<\/span>\n\t\t\t\t\t<\/a>\n\t\t\t\t<\/div>\n\t\t\t\t\t\t\t\t<\/div>\n\t\t\t\t<\/div>\n\t\t\t\t<\/div>\n\t\t<div class=\"elementor-element elementor-element-737368d e-con-full e-flex e-con e-child\" data-id=\"737368d\" data-element_type=\"container\" data-e-type=\"container\">\n\t\t\t\t<div class=\"elementor-element elementor-element-7fb6eef elementor-button-info elementor-align-center elementor-widget elementor-widget-button\" data-id=\"7fb6eef\" data-element_type=\"widget\" data-e-type=\"widget\" data-widget_type=\"button.default\">\n\t\t\t\t<div class=\"elementor-widget-container\">\n\t\t\t\t\t\t\t\t\t<div class=\"elementor-button-wrapper\">\n\t\t\t\t\t<a class=\"elementor-button elementor-button-link elementor-size-sm\" href=\"https:\/\/prefsuite.zendesk.com\/hc\/pt-br\">\n\t\t\t\t\t\t<span class=\"elementor-button-content-wrapper\">\n\t\t\t\t\t\t\t\t\t<span class=\"elementor-button-text\">Precisa de ajuda? Fale com nosso suporte<\/span>\n\t\t\t\t\t<\/span>\n\t\t\t\t\t<\/a>\n\t\t\t\t<\/div>\n\t\t\t\t\t\t\t\t<\/div>\n\t\t\t\t<\/div>\n\t\t\t\t<\/div>\n\t\t\t\t<\/div>\n\t\t<div class=\"elementor-element elementor-element-f4c5f5f e-con-full e-flex e-con e-child\" data-id=\"f4c5f5f\" data-element_type=\"container\" data-e-type=\"container\">\n\t\t\t\t<div class=\"elementor-element elementor-element-b087c47 elementor-widget elementor-widget-spacer\" data-id=\"b087c47\" data-element_type=\"widget\" data-e-type=\"widget\" data-widget_type=\"spacer.default\">\n\t\t\t\t<div class=\"elementor-widget-container\">\n\t\t\t\t\t\t\t<div class=\"elementor-spacer\">\n\t\t\t<div class=\"elementor-spacer-inner\"><\/div>\n\t\t<\/div>\n\t\t\t\t\t\t<\/div>\n\t\t\t\t<\/div>\n\t\t\t\t<\/div>\n\t\t\t\t\t<\/div>\n\t\t\t\t<\/div>\n\t\t<div class=\"elementor-element elementor-element-07ced10 e-flex e-con-boxed e-con e-parent\" data-id=\"07ced10\" data-element_type=\"container\" data-e-type=\"container\">\n\t\t\t\t\t<div class=\"e-con-inner\">\n\t\t\t\t<div class=\"elementor-element elementor-element-0b55398 elementor-widget elementor-widget-image\" data-id=\"0b55398\" data-element_type=\"widget\" data-e-type=\"widget\" data-widget_type=\"image.default\">\n\t\t\t\t<div class=\"elementor-widget-container\">\n\t\t\t\t\t\t\t\t\t\t\t\t\t\t\t<img decoding=\"async\" src=\"https:\/\/preferencemercosur.com\/wp-content\/uploads\/2025\/11\/PrefSuite_logo.svg\" title=\"PrefSuite_logo\" alt=\"PrefSuite_logo\" loading=\"lazy\" \/>\t\t\t\t\t\t\t\t\t\t\t\t\t\t\t<\/div>\n\t\t\t\t<\/div>\n\t\t\t\t\t<\/div>\n\t\t\t\t<\/div>\n\t\t<div class=\"elementor-element elementor-element-bf766d1 e-flex e-con-boxed e-con e-parent\" data-id=\"bf766d1\" data-element_type=\"container\" data-e-type=\"container\">\n\t\t\t\t\t<div class=\"e-con-inner\">\n\t\t\t\t<div class=\"elementor-element elementor-element-4b9833e elementor-widget elementor-widget-heading\" data-id=\"4b9833e\" data-element_type=\"widget\" data-e-type=\"widget\" data-widget_type=\"heading.default\">\n\t\t\t\t<div class=\"elementor-widget-container\">\n\t\t\t\t\t<h3 class=\"elementor-heading-title elementor-size-default\">Atualiza\u00e7\u00f5es: PrefSuite Brasil<\/h3>\t\t\t\t<\/div>\n\t\t\t\t<\/div>\n\t\t\t\t\t<\/div>\n\t\t\t\t<\/div>\n\t\t<div class=\"elementor-element elementor-element-e18f8a9 e-flex e-con-boxed e-con e-parent\" data-id=\"e18f8a9\" data-element_type=\"container\" data-e-type=\"container\">\n\t\t\t\t\t<div class=\"e-con-inner\">\n\t\t\t\t<div class=\"elementor-element elementor-element-8f4bc71 elementor-widget elementor-widget-spacer\" data-id=\"8f4bc71\" data-element_type=\"widget\" data-e-type=\"widget\" data-widget_type=\"spacer.default\">\n\t\t\t\t<div class=\"elementor-widget-container\">\n\t\t\t\t\t\t\t<div class=\"elementor-spacer\">\n\t\t\t<div class=\"elementor-spacer-inner\"><\/div>\n\t\t<\/div>\n\t\t\t\t\t\t<\/div>\n\t\t\t\t<\/div>\n\t\t\t\t\t<\/div>\n\t\t\t\t<\/div>\n\t\t<div class=\"elementor-element elementor-element-2e946e5 e-flex e-con-boxed e-con e-parent\" data-id=\"2e946e5\" data-element_type=\"container\" data-e-type=\"container\">\n\t\t\t\t\t<div class=\"e-con-inner\">\n\t\t\t\t<div class=\"elementor-element elementor-element-ad94321 elementor-grid-3 elementor-grid-tablet-2 elementor-grid-mobile-1 elementor-posts--thumbnail-top elementor-widget elementor-widget-posts\" data-id=\"ad94321\" data-element_type=\"widget\" data-e-type=\"widget\" data-settings=\"{&quot;classic_masonry&quot;:&quot;yes&quot;,&quot;pagination_type&quot;:&quot;load_more_infinite_scroll&quot;,&quot;classic_columns&quot;:&quot;3&quot;,&quot;classic_columns_tablet&quot;:&quot;2&quot;,&quot;classic_columns_mobile&quot;:&quot;1&quot;,&quot;classic_row_gap&quot;:{&quot;unit&quot;:&quot;px&quot;,&quot;size&quot;:35,&quot;sizes&quot;:[]},&quot;classic_row_gap_laptop&quot;:{&quot;unit&quot;:&quot;px&quot;,&quot;size&quot;:&quot;&quot;,&quot;sizes&quot;:[]},&quot;classic_row_gap_tablet&quot;:{&quot;unit&quot;:&quot;px&quot;,&quot;size&quot;:&quot;&quot;,&quot;sizes&quot;:[]},&quot;classic_row_gap_mobile&quot;:{&quot;unit&quot;:&quot;px&quot;,&quot;size&quot;:&quot;&quot;,&quot;sizes&quot;:[]},&quot;load_more_spinner&quot;:{&quot;value&quot;:&quot;fas fa-spinner&quot;,&quot;library&quot;:&quot;fa-solid&quot;}}\" data-widget_type=\"posts.classic\">\n\t\t\t\t<div class=\"elementor-widget-container\">\n\t\t\t\t\t\t\t<div class=\"elementor-posts-container elementor-posts elementor-posts--skin-classic elementor-grid\" role=\"list\">\n\t\t\t\t<article class=\"elementor-post elementor-grid-item post-10123 post type-post status-publish format-standard has-post-thumbnail hentry category-prefsuite-brasil\" role=\"listitem\">\n\t\t\t\t<a class=\"elementor-post__thumbnail__link\" href=\"https:\/\/preferencemercosur.com\/es\/2026\/04\/17\/informativo-de-atualizacao-prefsuite-material-oficial-hydro-17-abr-2026\/\" tabindex=\"-1\" target=\"&quot;_blank&quot;\">\n\t\t\t<div class=\"elementor-post__thumbnail\"><img fetchpriority=\"high\" decoding=\"async\" data-attachment-id=\"8718\" data-permalink=\"https:\/\/preferencemercosur.com\/es\/2026\/03\/05\/informativo-de-atualizacao-prefsuite-material-oficial-cba-05-mar-2026\/prefsuite-2\/\" data-orig-file=\"https:\/\/i0.wp.com\/preferencemercosur.com\/wp-content\/uploads\/2026\/03\/prefsuite.jpg?fit=1000%2C500&amp;ssl=1\" data-orig-size=\"1000,500\" data-comments-opened=\"1\" data-image-meta=\"{&quot;aperture&quot;:&quot;0&quot;,&quot;credit&quot;:&quot;&quot;,&quot;camera&quot;:&quot;&quot;,&quot;caption&quot;:&quot;&quot;,&quot;created_timestamp&quot;:&quot;0&quot;,&quot;copyright&quot;:&quot;&quot;,&quot;focal_length&quot;:&quot;0&quot;,&quot;iso&quot;:&quot;0&quot;,&quot;shutter_speed&quot;:&quot;0&quot;,&quot;title&quot;:&quot;&quot;,&quot;orientation&quot;:&quot;0&quot;}\" data-image-title=\"prefsuite\" data-image-description=\"\" data-image-caption=\"\" data-large-file=\"https:\/\/i0.wp.com\/preferencemercosur.com\/wp-content\/uploads\/2026\/03\/prefsuite.jpg?fit=500%2C500&amp;ssl=1\" width=\"1000\" height=\"500\" src=\"https:\/\/i0.wp.com\/preferencemercosur.com\/wp-content\/uploads\/2026\/03\/prefsuite.jpg?fit=1000%2C500&amp;ssl=1\" class=\"attachment-full size-full wp-image-8718\" alt=\"\" srcset=\"https:\/\/i0.wp.com\/preferencemercosur.com\/wp-content\/uploads\/2026\/03\/prefsuite.jpg?w=1000&amp;ssl=1 1000w, https:\/\/i0.wp.com\/preferencemercosur.com\/wp-content\/uploads\/2026\/03\/prefsuite.jpg?resize=300%2C150&amp;ssl=1 300w, https:\/\/i0.wp.com\/preferencemercosur.com\/wp-content\/uploads\/2026\/03\/prefsuite.jpg?resize=768%2C384&amp;ssl=1 768w, https:\/\/i0.wp.com\/preferencemercosur.com\/wp-content\/uploads\/2026\/03\/prefsuite.jpg?resize=18%2C9&amp;ssl=1 18w, https:\/\/i0.wp.com\/preferencemercosur.com\/wp-content\/uploads\/2026\/03\/prefsuite.jpg?resize=600%2C300&amp;ssl=1 600w\" sizes=\"(max-width: 800px) 100vw, 800px\" \/><\/div>\n\t\t<\/a>\n\t\t\t\t<div class=\"elementor-post__text\">\n\t\t\t\t<h3 class=\"elementor-post__title\">\n\t\t\t<a href=\"https:\/\/preferencemercosur.com\/es\/2026\/04\/17\/informativo-de-atualizacao-prefsuite-material-oficial-hydro-17-abr-2026\/\" target=\"&quot;_blank&quot;\">\n\t\t\t\tInformativo de atualiza\u00e7\u00e3o: PrefSuite \u2013 Material oficial Hydro \u2013 17\/ABR\/2026\t\t\t<\/a>\n\t\t<\/h3>\n\t\t\n\t\t<a class=\"elementor-post__read-more\" href=\"https:\/\/preferencemercosur.com\/es\/2026\/04\/17\/informativo-de-atualizacao-prefsuite-material-oficial-hydro-17-abr-2026\/\" aria-label=\"M\u00e1s informaci\u00f3n sobre Informativo de atualiza\u00e7\u00e3o: PrefSuite \u2013 Material oficial Hydro \u2013 17\/ABR\/2026\" tabindex=\"-1\" target=\"_blank\">\n\t\t\tCLIQUE AQUI PARA LER  &gt;\t\t<\/a>\n\n\t\t\t\t<\/div>\n\t\t\t\t<\/article>\n\t\t\t\t<article class=\"elementor-post elementor-grid-item post-8716 post type-post status-publish format-standard has-post-thumbnail hentry category-prefsuite-brasil\" role=\"listitem\">\n\t\t\t\t<a class=\"elementor-post__thumbnail__link\" href=\"https:\/\/preferencemercosur.com\/es\/2026\/03\/05\/informativo-de-atualizacao-prefsuite-material-oficial-cba-05-mar-2026\/\" tabindex=\"-1\" target=\"&quot;_blank&quot;\">\n\t\t\t<div class=\"elementor-post__thumbnail\"><img fetchpriority=\"high\" decoding=\"async\" data-attachment-id=\"8718\" data-permalink=\"https:\/\/preferencemercosur.com\/es\/2026\/03\/05\/informativo-de-atualizacao-prefsuite-material-oficial-cba-05-mar-2026\/prefsuite-2\/\" data-orig-file=\"https:\/\/i0.wp.com\/preferencemercosur.com\/wp-content\/uploads\/2026\/03\/prefsuite.jpg?fit=1000%2C500&amp;ssl=1\" data-orig-size=\"1000,500\" data-comments-opened=\"1\" data-image-meta=\"{&quot;aperture&quot;:&quot;0&quot;,&quot;credit&quot;:&quot;&quot;,&quot;camera&quot;:&quot;&quot;,&quot;caption&quot;:&quot;&quot;,&quot;created_timestamp&quot;:&quot;0&quot;,&quot;copyright&quot;:&quot;&quot;,&quot;focal_length&quot;:&quot;0&quot;,&quot;iso&quot;:&quot;0&quot;,&quot;shutter_speed&quot;:&quot;0&quot;,&quot;title&quot;:&quot;&quot;,&quot;orientation&quot;:&quot;0&quot;}\" data-image-title=\"prefsuite\" data-image-description=\"\" data-image-caption=\"\" data-large-file=\"https:\/\/i0.wp.com\/preferencemercosur.com\/wp-content\/uploads\/2026\/03\/prefsuite.jpg?fit=500%2C500&amp;ssl=1\" width=\"1000\" height=\"500\" src=\"https:\/\/i0.wp.com\/preferencemercosur.com\/wp-content\/uploads\/2026\/03\/prefsuite.jpg?fit=1000%2C500&amp;ssl=1\" class=\"attachment-full size-full wp-image-8718\" alt=\"\" srcset=\"https:\/\/i0.wp.com\/preferencemercosur.com\/wp-content\/uploads\/2026\/03\/prefsuite.jpg?w=1000&amp;ssl=1 1000w, https:\/\/i0.wp.com\/preferencemercosur.com\/wp-content\/uploads\/2026\/03\/prefsuite.jpg?resize=300%2C150&amp;ssl=1 300w, https:\/\/i0.wp.com\/preferencemercosur.com\/wp-content\/uploads\/2026\/03\/prefsuite.jpg?resize=768%2C384&amp;ssl=1 768w, https:\/\/i0.wp.com\/preferencemercosur.com\/wp-content\/uploads\/2026\/03\/prefsuite.jpg?resize=18%2C9&amp;ssl=1 18w, https:\/\/i0.wp.com\/preferencemercosur.com\/wp-content\/uploads\/2026\/03\/prefsuite.jpg?resize=600%2C300&amp;ssl=1 600w\" sizes=\"(max-width: 800px) 100vw, 800px\" \/><\/div>\n\t\t<\/a>\n\t\t\t\t<div class=\"elementor-post__text\">\n\t\t\t\t<h3 class=\"elementor-post__title\">\n\t\t\t<a href=\"https:\/\/preferencemercosur.com\/es\/2026\/03\/05\/informativo-de-atualizacao-prefsuite-material-oficial-cba-05-mar-2026\/\" target=\"&quot;_blank&quot;\">\n\t\t\t\tInformativo de atualiza\u00e7\u00e3o: PrefSuite \u2013 Material oficial CBA &#8211; 05\/MAR\/2026\t\t\t<\/a>\n\t\t<\/h3>\n\t\t\n\t\t<a class=\"elementor-post__read-more\" href=\"https:\/\/preferencemercosur.com\/es\/2026\/03\/05\/informativo-de-atualizacao-prefsuite-material-oficial-cba-05-mar-2026\/\" aria-label=\"M\u00e1s informaci\u00f3n sobre Informativo de atualiza\u00e7\u00e3o: PrefSuite \u2013 Material oficial CBA &#8211; 05\/MAR\/2026\" tabindex=\"-1\" target=\"_blank\">\n\t\t\tCLIQUE AQUI PARA LER  &gt;\t\t<\/a>\n\n\t\t\t\t<\/div>\n\t\t\t\t<\/article>\n\t\t\t\t<\/div>\n\t\t\t\t\t<span class=\"e-load-more-spinner\">\n\t\t\t\t<svg aria-hidden=\"true\" class=\"e-font-icon-svg e-fas-spinner\" viewbox=\"0 0 512 512\" xmlns=\"http:\/\/www.w3.org\/2000\/svg\"><path d=\"M304 48c0 26.51-21.49 48-48 48s-48-21.49-48-48 21.49-48 48-48 48 21.49 48 48zm-48 368c-26.51 0-48 21.49-48 48s21.49 48 48 48 48-21.49 48-48-21.49-48-48-48zm208-208c-26.51 0-48 21.49-48 48s21.49 48 48 48 48-21.49 48-48-21.49-48-48-48zM96 256c0-26.51-21.49-48-48-48S0 229.49 0 256s21.49 48 48 48 48-21.49 48-48zm12.922 99.078c-26.51 0-48 21.49-48 48s21.49 48 48 48 48-21.49 48-48c0-26.509-21.491-48-48-48zm294.156 0c-26.51 0-48 21.49-48 48s21.49 48 48 48 48-21.49 48-48c0-26.509-21.49-48-48-48zM108.922 60.922c-26.51 0-48 21.49-48 48s21.49 48 48 48 48-21.49 48-48-21.491-48-48-48z\"><\/path><\/svg>\t\t\t<\/span>\n\t\t\n\t\t\t\t\t\t<\/div>\n\t\t\t\t<\/div>\n\t\t\t\t\t<\/div>\n\t\t\t\t<\/div>\n\t\t<div class=\"elementor-element elementor-element-0c78cf9 e-flex e-con-boxed e-con e-parent\" data-id=\"0c78cf9\" data-element_type=\"container\" data-e-type=\"container\">\n\t\t\t\t\t<div class=\"e-con-inner\">\n\t\t\t\t<div class=\"elementor-element elementor-element-d557156 elementor-widget elementor-widget-spacer\" data-id=\"d557156\" data-element_type=\"widget\" data-e-type=\"widget\" data-widget_type=\"spacer.default\">\n\t\t\t\t<div class=\"elementor-widget-container\">\n\t\t\t\t\t\t\t<div class=\"elementor-spacer\">\n\t\t\t<div class=\"elementor-spacer-inner\"><\/div>\n\t\t<\/div>\n\t\t\t\t\t\t<\/div>\n\t\t\t\t<\/div>\n\t\t<div class=\"elementor-element elementor-element-0ee577a e-con-full e-flex e-con e-child\" data-id=\"0ee577a\" data-element_type=\"container\" data-e-type=\"container\">\n\t\t\t\t<div class=\"elementor-element elementor-element-b65c08d elementor-widget__width-initial elementor-widget-mobile__width-initial elementor-widget elementor-widget-image\" data-id=\"b65c08d\" data-element_type=\"widget\" data-e-type=\"widget\" data-widget_type=\"image.default\">\n\t\t\t\t<div class=\"elementor-widget-container\">\n\t\t\t\t\t\t\t\t\t\t\t\t\t\t\t<img decoding=\"async\" data-attachment-id=\"4027\" data-permalink=\"https:\/\/preferencemercosur.com\/es\/epref-landing-page\/preference-mercosul_prancheta-1\/\" data-orig-file=\"https:\/\/preferencemercosur.com\/wp-content\/uploads\/2025\/06\/preference-mercosul_Prancheta-1.svg\" data-orig-size=\"566,126\" data-comments-opened=\"1\" data-image-meta=\"[]\" data-image-title=\"preference-mercosul_Prancheta 1\" data-image-description=\"\" data-image-caption=\"\" data-large-file=\"https:\/\/preferencemercosur.com\/wp-content\/uploads\/2025\/06\/preference-mercosul_Prancheta-1.svg\" width=\"566\" height=\"126\" src=\"https:\/\/preferencemercosur.com\/wp-content\/uploads\/2025\/06\/preference-mercosul_Prancheta-1.svg\" class=\"attachment-full size-full wp-image-4027\" alt=\"\" \/>\t\t\t\t\t\t\t\t\t\t\t\t\t\t\t<\/div>\n\t\t\t\t<\/div>\n\t\t\t\t<\/div>\n\t\t<div class=\"elementor-element elementor-element-051fe57 e-con-full e-flex e-con e-child\" data-id=\"051fe57\" data-element_type=\"container\" data-e-type=\"container\">\n\t\t\t\t<div class=\"elementor-element elementor-element-3f6c891 elementor-widget elementor-widget-spacer\" data-id=\"3f6c891\" data-element_type=\"widget\" data-e-type=\"widget\" data-widget_type=\"spacer.default\">\n\t\t\t\t<div class=\"elementor-widget-container\">\n\t\t\t\t\t\t\t<div class=\"elementor-spacer\">\n\t\t\t<div class=\"elementor-spacer-inner\"><\/div>\n\t\t<\/div>\n\t\t\t\t\t\t<\/div>\n\t\t\t\t<\/div>\n\t\t\t\t<\/div>\n\t\t\t\t\t<\/div>\n\t\t\t\t<\/div>\n\t\t\t\t<\/div>","protected":false},"excerpt":{"rendered":"<p>Ir ao site da Preference Precisa de ajuda? Fale com nosso suporte Atualiza\u00e7\u00f5es: PrefSuite Brasil<\/p>","protected":false},"author":265454849,"featured_media":7987,"parent":0,"menu_order":0,"comment_status":"closed","ping_status":"closed","template":"elementor_canvas","meta":{"advanced_seo_description":"","jetpack_seo_html_title":"","jetpack_seo_noindex":false,"footnotes":""},"class_list":["post-7986","page","type-page","status-publish","has-post-thumbnail","hentry"],"jetpack_likes_enabled":true,"jetpack_sharing_enabled":true,"jetpack_shortlink":"https:\/\/wp.me\/PgvMLf-24O","_links":{"self":[{"href":"https:\/\/preferencemercosur.com\/es\/wp-json\/wp\/v2\/pages\/7986","targetHints":{"allow":["GET"]}}],"collection":[{"href":"https:\/\/preferencemercosur.com\/es\/wp-json\/wp\/v2\/pages"}],"about":[{"href":"https:\/\/preferencemercosur.com\/es\/wp-json\/wp\/v2\/types\/page"}],"author":[{"embeddable":true,"href":"https:\/\/preferencemercosur.com\/es\/wp-json\/wp\/v2\/users\/265454849"}],"replies":[{"embeddable":true,"href":"https:\/\/preferencemercosur.com\/es\/wp-json\/wp\/v2\/comments?post=7986"}],"version-history":[{"count":5,"href":"https:\/\/preferencemercosur.com\/es\/wp-json\/wp\/v2\/pages\/7986\/revisions"}],"predecessor-version":[{"id":7994,"href":"https:\/\/preferencemercosur.com\/es\/wp-json\/wp\/v2\/pages\/7986\/revisions\/7994"}],"wp:featuredmedia":[{"embeddable":true,"href":"https:\/\/preferencemercosur.com\/es\/wp-json\/wp\/v2\/media\/7987"}],"wp:attachment":[{"href":"https:\/\/preferencemercosur.com\/es\/wp-json\/wp\/v2\/media?parent=7986"}],"curies":[{"name":"wp","href":"https:\/\/api.w.org\/{rel}","templated":true}]}}